{"id":52,"date":"2019-03-12T09:07:15","date_gmt":"2019-03-12T09:07:15","guid":{"rendered":"https:\/\/alexandraseifert.de\/?page_id=52"},"modified":"2020-05-15T05:52:53","modified_gmt":"2020-05-15T05:52:53","slug":"impressum","status":"publish","type":"page","link":"https:\/\/alexandraseifert.de\/?page_id=52","title":{"rendered":"Impressum"},"content":{"rendered":"\r\n<p>Inhaltlich verantwortlich:<br \/>Alexandra Seifert<br \/>Wartburgstra\u00dfe 8<br \/>65929 Frankfurt<\/p>\r\n<p>Layout und Umsetzung von CI und Webseite<br \/>maederdesign &#8211; design und neue medien<br \/>Svenja Keil<br \/>Gabriele-M\u00fcnter-Str. 3<br \/>65795 Hattersheim<br \/><br \/><a href=\"mailto:info@maederdesign.de\">info@maederdesign.de<\/a><br \/><a href=\"http:\/\/www.maederdesign.de\">www.maederdesign.de<\/a><\/p>\r\n\r\n\r\n\r\n<p>Alle Rechte vorbehalten. Text, Bilder, Grafiken und Animationen unterliegen dem Schutz des Urheberrechts und anderer Schutzrechte. Der Inhalt dieser Webseite darf nicht zu kommerziellen Zwecken kopiert, verbreitet oder Dritten zug\u00e4nglich gemacht werden. Irrt\u00fcmer und \u00c4nderungen vorbehalten. Trotz sorgf\u00e4ltiger inhaltlicher Kontrolle \u00fcbernehmen wir keine Haftung f\u00fcr die Inhalte externer Links. F\u00fcr den Inhalt der verlinkten Seiten sind ausschlie\u00dflich deren Betreiber verantwortlich.<\/p>\r\n\r\n\r\n\r\n<p>Die auf dieser Website ver\u00f6ffentlichten Inhalte unterliegen dem deutschen Urheber- und Leistungsschutzrecht. Jede vom deutschen Urheber- und Leistungsschutzrecht nicht zugelassene Verwertung bedarf der vorherigen schriftlichen Zustimmung des Anbieters oder jeweiligen Rechteinhabers. Dies gilt insbesondere f\u00fcr Vervielf\u00e4ltigung, Bearbeitung, \u00dcbersetzung, Einspeicherung, Verarbeitung bzw. Wiedergabe von Inhalten in Datenbanken oder anderen elektronischen Medien und Systemen. Inhalte und Rechte Dritter sind dabei als solche gekennzeichnet.\u00a0<\/p>\r\n","protected":false},"excerpt":{"rendered":"<p>Inhaltlich verantwortlich:Alexandra SeifertWartburgstra\u00dfe 865929 Frankfurt Layout und Umsetzung von CI und Webseitemaederdesign &#8211; design und neue medienSvenja KeilGabriele-M\u00fcnter-Str. 365795 Hattersheim info@maederdesign.dewww.maederdesign.de Alle Rechte vorbehalten. Text, Bilder, Grafiken und Animationen unterliegen dem Schutz des Urheberrechts und anderer Schutzrechte. Der Inhalt dieser Webseite darf nicht zu kommerziellen Zwecken kopiert, verbreitet oder Dritten zug\u00e4nglich gemacht werden. Irrt\u00fcmer und [&hellip;]<\/p>\n","protected":false},"author":1,"featured_media":0,"parent":0,"menu_order":0,"comment_status":"closed","ping_status":"open","template":"","meta":{"footnotes":""},"class_list":["post-52","page","type-page","status-publish","hentry"],"yoast_head":"<!-- This site is optimized with the Yoast SEO plugin v24.9 - https:\/\/yoast.com\/wordpress\/plugins\/seo\/ -->\n<title>Impressum - Alexandra Seifert<\/title>\n<meta name=\"robots\" content=\"index, follow, max-snippet:-1, max-image-preview:large, max-video-preview:-1\" \/>\n<link rel=\"canonical\" href=\"https:\/\/alexandraseifert.de\/?page_id=52\" \/>\n<meta property=\"og:locale\" content=\"de_DE\" \/>\n<meta property=\"og:type\" content=\"article\" \/>\n<meta property=\"og:title\" content=\"Impressum - Alexandra Seifert\" \/>\n<meta property=\"og:description\" content=\"Inhaltlich verantwortlich:Alexandra SeifertWartburgstra\u00dfe 865929 Frankfurt Layout und Umsetzung von CI und Webseitemaederdesign &#8211; design und neue medienSvenja KeilGabriele-M\u00fcnter-Str. 365795 Hattersheim info@maederdesign.dewww.maederdesign.de Alle Rechte vorbehalten. Text, Bilder, Grafiken und Animationen unterliegen dem Schutz des Urheberrechts und anderer Schutzrechte. Der Inhalt dieser Webseite darf nicht zu kommerziellen Zwecken kopiert, verbreitet oder Dritten zug\u00e4nglich gemacht werden. Irrt\u00fcmer und [&hellip;]\" \/>\n<meta property=\"og:url\" content=\"https:\/\/alexandraseifert.de\/?page_id=52\" \/>\n<meta property=\"og:site_name\" content=\"Alexandra Seifert\" \/>\n<meta property=\"article:modified_time\" content=\"2020-05-15T05:52:53+00:00\" \/>\n<meta name=\"twitter:card\" content=\"summary_large_image\" \/>\n<meta name=\"twitter:label1\" content=\"Gesch\u00e4tzte Lesezeit\" \/>\n\t<meta name=\"twitter:data1\" content=\"1\u00a0Minute\" \/>\n<script type=\"application\/ld+json\" class=\"yoast-schema-graph\">{\"@context\":\"https:\/\/schema.org\",\"@graph\":[{\"@type\":\"WebPage\",\"@id\":\"https:\/\/alexandraseifert.de\/?page_id=52\",\"url\":\"https:\/\/alexandraseifert.de\/?page_id=52\",\"name\":\"Impressum - Alexandra Seifert\",\"isPartOf\":{\"@id\":\"https:\/\/alexandraseifert.de\/#website\"},\"datePublished\":\"2019-03-12T09:07:15+00:00\",\"dateModified\":\"2020-05-15T05:52:53+00:00\",\"breadcrumb\":{\"@id\":\"https:\/\/alexandraseifert.de\/?page_id=52#breadcrumb\"},\"inLanguage\":\"de\",\"potentialAction\":[{\"@type\":\"ReadAction\",\"target\":[\"https:\/\/alexandraseifert.de\/?page_id=52\"]}]},{\"@type\":\"BreadcrumbList\",\"@id\":\"https:\/\/alexandraseifert.de\/?page_id=52#breadcrumb\",\"itemListElement\":[{\"@type\":\"ListItem\",\"position\":1,\"name\":\"Startseite\",\"item\":\"https:\/\/alexandraseifert.de\/\"},{\"@type\":\"ListItem\",\"position\":2,\"name\":\"Impressum\"}]},{\"@type\":\"WebSite\",\"@id\":\"https:\/\/alexandraseifert.de\/#website\",\"url\":\"https:\/\/alexandraseifert.de\/\",\"name\":\"Alexandra Seifert\",\"description\":\"Systemische Supervision, Coaching und Beratung\",\"potentialAction\":[{\"@type\":\"SearchAction\",\"target\":{\"@type\":\"EntryPoint\",\"urlTemplate\":\"https:\/\/alexandraseifert.de\/?s={search_term_string}\"},\"query-input\":{\"@type\":\"PropertyValueSpecification\",\"valueRequired\":true,\"valueName\":\"search_term_string\"}}],\"inLanguage\":\"de\"}]}<\/script>\n<!-- \/ Yoast SEO plugin. -->","yoast_head_json":{"title":"Impressum - Alexandra Seifert","robots":{"index":"index","follow":"follow","max-snippet":"max-snippet:-1","max-image-preview":"max-image-preview:large","max-video-preview":"max-video-preview:-1"},"canonical":"https:\/\/alexandraseifert.de\/?page_id=52","og_locale":"de_DE","og_type":"article","og_title":"Impressum - Alexandra Seifert","og_description":"Inhaltlich verantwortlich:Alexandra SeifertWartburgstra\u00dfe 865929 Frankfurt Layout und Umsetzung von CI und Webseitemaederdesign &#8211; design und neue medienSvenja KeilGabriele-M\u00fcnter-Str. 365795 Hattersheim info@maederdesign.dewww.maederdesign.de Alle Rechte vorbehalten. Text, Bilder, Grafiken und Animationen unterliegen dem Schutz des Urheberrechts und anderer Schutzrechte. Der Inhalt dieser Webseite darf nicht zu kommerziellen Zwecken kopiert, verbreitet oder Dritten zug\u00e4nglich gemacht werden. Irrt\u00fcmer und [&hellip;]","og_url":"https:\/\/alexandraseifert.de\/?page_id=52","og_site_name":"Alexandra Seifert","article_modified_time":"2020-05-15T05:52:53+00:00","twitter_card":"summary_large_image","twitter_misc":{"Gesch\u00e4tzte Lesezeit":"1\u00a0Minute"},"schema":{"@context":"https:\/\/schema.org","@graph":[{"@type":"WebPage","@id":"https:\/\/alexandraseifert.de\/?page_id=52","url":"https:\/\/alexandraseifert.de\/?page_id=52","name":"Impressum - Alexandra Seifert","isPartOf":{"@id":"https:\/\/alexandraseifert.de\/#website"},"datePublished":"2019-03-12T09:07:15+00:00","dateModified":"2020-05-15T05:52:53+00:00","breadcrumb":{"@id":"https:\/\/alexandraseifert.de\/?page_id=52#breadcrumb"},"inLanguage":"de","potentialAction":[{"@type":"ReadAction","target":["https:\/\/alexandraseifert.de\/?page_id=52"]}]},{"@type":"BreadcrumbList","@id":"https:\/\/alexandraseifert.de\/?page_id=52#breadcrumb","itemListElement":[{"@type":"ListItem","position":1,"name":"Startseite","item":"https:\/\/alexandraseifert.de\/"},{"@type":"ListItem","position":2,"name":"Impressum"}]},{"@type":"WebSite","@id":"https:\/\/alexandraseifert.de\/#website","url":"https:\/\/alexandraseifert.de\/","name":"Alexandra Seifert","description":"Systemische Supervision, Coaching und Beratung","potentialAction":[{"@type":"SearchAction","target":{"@type":"EntryPoint","urlTemplate":"https:\/\/alexandraseifert.de\/?s={search_term_string}"},"query-input":{"@type":"PropertyValueSpecification","valueRequired":true,"valueName":"search_term_string"}}],"inLanguage":"de"}]}},"_links":{"self":[{"href":"https:\/\/alexandraseifert.de\/index.php?rest_route=\/wp\/v2\/pages\/52","targetHints":{"allow":["GET"]}}],"collection":[{"href":"https:\/\/alexandraseifert.de\/index.php?rest_route=\/wp\/v2\/pages"}],"about":[{"href":"https:\/\/alexandraseifert.de\/index.php?rest_route=\/wp\/v2\/types\/page"}],"author":[{"embeddable":true,"href":"https:\/\/alexandraseifert.de\/index.php?rest_route=\/wp\/v2\/users\/1"}],"replies":[{"embeddable":true,"href":"https:\/\/alexandraseifert.de\/index.php?rest_route=%2Fwp%2Fv2%2Fcomments&post=52"}],"version-history":[{"count":2,"href":"https:\/\/alexandraseifert.de\/index.php?rest_route=\/wp\/v2\/pages\/52\/revisions"}],"predecessor-version":[{"id":1098,"href":"https:\/\/alexandraseifert.de\/index.php?rest_route=\/wp\/v2\/pages\/52\/revisions\/1098"}],"wp:attachment":[{"href":"https:\/\/alexandraseifert.de\/index.php?rest_route=%2Fwp%2Fv2%2Fmedia&parent=52"}],"curies":[{"name":"wp","href":"https:\/\/api.w.org\/{rel}","templated":true}]}}